{"id":20,"date":"2017-08-29T09:55:06","date_gmt":"2017-08-29T09:55:06","guid":{"rendered":"http:\/\/www.amelierenglet.be\/?page_id=20"},"modified":"2024-05-22T20:37:40","modified_gmt":"2024-05-22T20:37:40","slug":"bio","status":"publish","type":"page","link":"http:\/\/www.amelierenglet.be\/fr\/bio\/","title":{"rendered":"Bio"},"content":{"rendered":"<p><img loading=\"lazy\" decoding=\"async\" class=\"alignleft wp-image-256 size-medium\" title=\"photo credit: donaldbentvelsen@gmail.com\" src=\"http:\/\/www.amelierenglet.be\/wp-content\/uploads\/2024\/05\/DSC05453-retravaille-internet-200x300.jpg\" alt=\"\" width=\"200\" height=\"300\" srcset=\"http:\/\/www.amelierenglet.be\/wp-content\/uploads\/2024\/05\/DSC05453-retravaille-internet-200x300.jpg 200w, http:\/\/www.amelierenglet.be\/wp-content\/uploads\/2024\/05\/DSC05453-retravaille-internet-682x1024.jpg 682w, http:\/\/www.amelierenglet.be\/wp-content\/uploads\/2024\/05\/DSC05453-retravaille-internet-768x1152.jpg 768w, http:\/\/www.amelierenglet.be\/wp-content\/uploads\/2024\/05\/DSC05453-retravaille-internet-1024x1536.jpg 1024w, http:\/\/www.amelierenglet.be\/wp-content\/uploads\/2024\/05\/DSC05453-retravaille-internet.jpg 1333w\" sizes=\"auto, (max-width: 200px) 100vw, 200px\" \/><\/p>\n<p>La soprano Am\u00e9lie Renglet chante r\u00e9guli\u00e8rement avec des ensembles professionnels tels que le Ch\u0153ur de Chambre de Namur (B), , Ars Nova Copenhagen (DK), B&rsquo;Rock Vocal Consort, Psallentes (B), Cappella Mediterranea (F), Le Vlaams Radio Koor (B), Vox Luminis (B), Ad Mosam (NL),\u00a0 , Il Fondamento (B), Il Gardellino (B), Ludus Modalis (F).<br \/>\nElle a ainsi travaill\u00e9 notamment sous la direction de Leonardo Garc\u00eda Alarc\u00f3n, Jean Tub\u00e9ry, Christophe Rousset, Guy Van Waas, Jean-Claude Malgoire, Paul Hillier, Herv\u00e9 Niquet, Paul Dombrecht, Andrew Lawrence-King, Adam Fischer, Lars Ulrik Mortensen, Frederico Mario Sardelli, Michael Bojesen, Frieder Bernius, et Peter Phillips.<\/p>\n<p>Elle se produit \u00e9galement comme soliste dans des \u0153uvres de Bach, Purcell, Britten, Carissimi, Mozart, Haendel, Gluck, Lully, Charpentier, Monteverdi,\u2026<\/p>\n<p>Si Am\u00e9lie chante tr\u00e8s r\u00e9guli\u00e8rement de la musique baroque, elle aborde aussi souvent d\u2019autres r\u00e9pertoires comme le chant gr\u00e9gorien, la musique contemporaine, l&rsquo;op\u00e9rette, et le jazz.<\/p>\n<p>Am\u00e9lie s\u2019est form\u00e9e en chant sous les auspices de Beno\u00eet Giaux et Laure Delcampe \u00e0 l\u2019Institut Sup\u00e9rieur de Musique et de P\u00e9dagogie Musicale \u00e0 Namur (IMEP), dont elle a obtenu la licence en juin 2005. Apr\u00e8s avoir poursuivi son \u00e9volution aupr\u00e8s de Poul Emborg et John Guttman au Danemark, elle est aujourd\u2019hui guid\u00e9e par Eunice Arias en Belgique.<\/p>\n<p>&nbsp;<\/p>","protected":false},"excerpt":{"rendered":"<p>La soprano Am\u00e9lie Renglet chante r\u00e9guli\u00e8rement avec des ensembles professionnels tels que le Ch\u0153ur de Chambre de Namur (B), , Ars Nova Copenhagen (DK), B&rsquo;Rock Vocal Consort, Psallentes (B), Cappella Mediterranea (F), Le Vlaams Radio Koor (B), Vox Luminis (B), Ad Mosam (NL),\u00a0 , Il Fondamento (B), Il Gardellino (B), Ludus Modalis (F). Elle a &hellip; <\/p>\n<p class=\"link-more\"><a href=\"http:\/\/www.amelierenglet.be\/fr\/bio\/\" class=\"more-link\">Continuer la lecture<span class=\"screen-reader-text\"> de &laquo;&nbsp;Bio&nbsp;&raquo;<\/span><\/a><\/p>\n","protected":false},"author":1,"featured_media":0,"parent":0,"menu_order":0,"comment_status":"closed","ping_status":"closed","template":"","meta":{"_exactmetrics_skip_tracking":false,"_exactmetrics_sitenote_active":false,"_exactmetrics_sitenote_note":"","_exactmetrics_sitenote_category":0,"footnotes":""},"class_list":["post-20","page","type-page","status-publish","hentry"],"yoast_head":"<!-- This site is optimized with the Yoast SEO plugin v24.4 - https:\/\/yoast.com\/wordpress\/plugins\/seo\/ -->\n<title>Bio - Am\u00e9lie Renglet<\/title>\n<meta name=\"robots\" content=\"index, follow, max-snippet:-1, max-image-preview:large, max-video-preview:-1\" \/>\n<link rel=\"canonical\" href=\"http:\/\/www.amelierenglet.be\/bio\/\" \/>\n<meta property=\"og:locale\" content=\"fr_FR\" \/>\n<meta property=\"og:type\" content=\"article\" \/>\n<meta property=\"og:title\" content=\"Bio - Am\u00e9lie Renglet\" \/>\n<meta property=\"og:description\" content=\"La soprano Am\u00e9lie Renglet chante r\u00e9guli\u00e8rement avec des ensembles professionnels tels que le Ch\u0153ur de Chambre de Namur (B), , Ars Nova Copenhagen (DK), B&rsquo;Rock Vocal Consort, Psallentes (B), Cappella Mediterranea (F), Le Vlaams Radio Koor (B), Vox Luminis (B), Ad Mosam (NL),\u00a0 , Il Fondamento (B), Il Gardellino (B), Ludus Modalis (F). Elle a &hellip; Continuer la lecture de &laquo;&nbsp;Bio&nbsp;&raquo;\" \/>\n<meta property=\"og:url\" content=\"http:\/\/www.amelierenglet.be\/bio\/\" \/>\n<meta property=\"og:site_name\" content=\"Am\u00e9lie Renglet\" \/>\n<meta property=\"article:modified_time\" content=\"2024-05-22T20:37:40+00:00\" \/>\n<meta property=\"og:image\" content=\"http:\/\/www.amelierenglet.be\/wp-content\/uploads\/2024\/05\/DSC05453-retravaille-internet-200x300.jpg\" \/>\n<meta name=\"twitter:card\" content=\"summary_large_image\" \/>\n<meta name=\"twitter:label1\" content=\"Dur\u00e9e de lecture estim\u00e9e\" \/>\n\t<meta name=\"twitter:data1\" content=\"2 minutes\" \/>\n<script type=\"application\/ld+json\" class=\"yoast-schema-graph\">{\"@context\":\"https:\/\/schema.org\",\"@graph\":[{\"@type\":\"WebPage\",\"@id\":\"http:\/\/www.amelierenglet.be\/bio\/\",\"url\":\"http:\/\/www.amelierenglet.be\/bio\/\",\"name\":\"Bio - Am\u00e9lie Renglet\",\"isPartOf\":{\"@id\":\"http:\/\/www.amelierenglet.be\/#website\"},\"primaryImageOfPage\":{\"@id\":\"http:\/\/www.amelierenglet.be\/bio\/#primaryimage\"},\"image\":{\"@id\":\"http:\/\/www.amelierenglet.be\/bio\/#primaryimage\"},\"thumbnailUrl\":\"http:\/\/www.amelierenglet.be\/wp-content\/uploads\/2024\/05\/DSC05453-retravaille-internet-200x300.jpg\",\"datePublished\":\"2017-08-29T09:55:06+00:00\",\"dateModified\":\"2024-05-22T20:37:40+00:00\",\"breadcrumb\":{\"@id\":\"http:\/\/www.amelierenglet.be\/bio\/#breadcrumb\"},\"inLanguage\":\"fr-FR\",\"potentialAction\":[{\"@type\":\"ReadAction\",\"target\":[\"http:\/\/www.amelierenglet.be\/bio\/\"]}]},{\"@type\":\"ImageObject\",\"inLanguage\":\"fr-FR\",\"@id\":\"http:\/\/www.amelierenglet.be\/bio\/#primaryimage\",\"url\":\"http:\/\/www.amelierenglet.be\/wp-content\/uploads\/2024\/05\/DSC05453-retravaille-internet-200x300.jpg\",\"contentUrl\":\"http:\/\/www.amelierenglet.be\/wp-content\/uploads\/2024\/05\/DSC05453-retravaille-internet-200x300.jpg\"},{\"@type\":\"BreadcrumbList\",\"@id\":\"http:\/\/www.amelierenglet.be\/bio\/#breadcrumb\",\"itemListElement\":[{\"@type\":\"ListItem\",\"position\":1,\"name\":\"Home\",\"item\":\"http:\/\/www.amelierenglet.be\/\"},{\"@type\":\"ListItem\",\"position\":2,\"name\":\"Bio\"}]},{\"@type\":\"WebSite\",\"@id\":\"http:\/\/www.amelierenglet.be\/#website\",\"url\":\"http:\/\/www.amelierenglet.be\/\",\"name\":\"Am\u00e9lie Renglet\",\"description\":\"Soprano\",\"potentialAction\":[{\"@type\":\"SearchAction\",\"target\":{\"@type\":\"EntryPoint\",\"urlTemplate\":\"http:\/\/www.amelierenglet.be\/?s={search_term_string}\"},\"query-input\":{\"@type\":\"PropertyValueSpecification\",\"valueRequired\":true,\"valueName\":\"search_term_string\"}}],\"inLanguage\":\"fr-FR\"}]}<\/script>\n<!-- \/ Yoast SEO plugin. -->","yoast_head_json":{"title":"Bio - Am\u00e9lie Renglet","robots":{"index":"index","follow":"follow","max-snippet":"max-snippet:-1","max-image-preview":"max-image-preview:large","max-video-preview":"max-video-preview:-1"},"canonical":"http:\/\/www.amelierenglet.be\/bio\/","og_locale":"fr_FR","og_type":"article","og_title":"Bio - Am\u00e9lie Renglet","og_description":"La soprano Am\u00e9lie Renglet chante r\u00e9guli\u00e8rement avec des ensembles professionnels tels que le Ch\u0153ur de Chambre de Namur (B), , Ars Nova Copenhagen (DK), B&rsquo;Rock Vocal Consort, Psallentes (B), Cappella Mediterranea (F), Le Vlaams Radio Koor (B), Vox Luminis (B), Ad Mosam (NL),\u00a0 , Il Fondamento (B), Il Gardellino (B), Ludus Modalis (F). Elle a &hellip; Continuer la lecture de &laquo;&nbsp;Bio&nbsp;&raquo;","og_url":"http:\/\/www.amelierenglet.be\/bio\/","og_site_name":"Am\u00e9lie Renglet","article_modified_time":"2024-05-22T20:37:40+00:00","og_image":[{"url":"http:\/\/www.amelierenglet.be\/wp-content\/uploads\/2024\/05\/DSC05453-retravaille-internet-200x300.jpg","type":"","width":"","height":""}],"twitter_card":"summary_large_image","twitter_misc":{"Dur\u00e9e de lecture estim\u00e9e":"2 minutes"},"schema":{"@context":"https:\/\/schema.org","@graph":[{"@type":"WebPage","@id":"http:\/\/www.amelierenglet.be\/bio\/","url":"http:\/\/www.amelierenglet.be\/bio\/","name":"Bio - Am\u00e9lie Renglet","isPartOf":{"@id":"http:\/\/www.amelierenglet.be\/#website"},"primaryImageOfPage":{"@id":"http:\/\/www.amelierenglet.be\/bio\/#primaryimage"},"image":{"@id":"http:\/\/www.amelierenglet.be\/bio\/#primaryimage"},"thumbnailUrl":"http:\/\/www.amelierenglet.be\/wp-content\/uploads\/2024\/05\/DSC05453-retravaille-internet-200x300.jpg","datePublished":"2017-08-29T09:55:06+00:00","dateModified":"2024-05-22T20:37:40+00:00","breadcrumb":{"@id":"http:\/\/www.amelierenglet.be\/bio\/#breadcrumb"},"inLanguage":"fr-FR","potentialAction":[{"@type":"ReadAction","target":["http:\/\/www.amelierenglet.be\/bio\/"]}]},{"@type":"ImageObject","inLanguage":"fr-FR","@id":"http:\/\/www.amelierenglet.be\/bio\/#primaryimage","url":"http:\/\/www.amelierenglet.be\/wp-content\/uploads\/2024\/05\/DSC05453-retravaille-internet-200x300.jpg","contentUrl":"http:\/\/www.amelierenglet.be\/wp-content\/uploads\/2024\/05\/DSC05453-retravaille-internet-200x300.jpg"},{"@type":"BreadcrumbList","@id":"http:\/\/www.amelierenglet.be\/bio\/#breadcrumb","itemListElement":[{"@type":"ListItem","position":1,"name":"Home","item":"http:\/\/www.amelierenglet.be\/"},{"@type":"ListItem","position":2,"name":"Bio"}]},{"@type":"WebSite","@id":"http:\/\/www.amelierenglet.be\/#website","url":"http:\/\/www.amelierenglet.be\/","name":"Am\u00e9lie Renglet","description":"Soprano","potentialAction":[{"@type":"SearchAction","target":{"@type":"EntryPoint","urlTemplate":"http:\/\/www.amelierenglet.be\/?s={search_term_string}"},"query-input":{"@type":"PropertyValueSpecification","valueRequired":true,"valueName":"search_term_string"}}],"inLanguage":"fr-FR"}]}},"_links":{"self":[{"href":"http:\/\/www.amelierenglet.be\/fr\/wp-json\/wp\/v2\/pages\/20","targetHints":{"allow":["GET"]}}],"collection":[{"href":"http:\/\/www.amelierenglet.be\/fr\/wp-json\/wp\/v2\/pages"}],"about":[{"href":"http:\/\/www.amelierenglet.be\/fr\/wp-json\/wp\/v2\/types\/page"}],"author":[{"embeddable":true,"href":"http:\/\/www.amelierenglet.be\/fr\/wp-json\/wp\/v2\/users\/1"}],"replies":[{"embeddable":true,"href":"http:\/\/www.amelierenglet.be\/fr\/wp-json\/wp\/v2\/comments?post=20"}],"version-history":[{"count":21,"href":"http:\/\/www.amelierenglet.be\/fr\/wp-json\/wp\/v2\/pages\/20\/revisions"}],"predecessor-version":[{"id":262,"href":"http:\/\/www.amelierenglet.be\/fr\/wp-json\/wp\/v2\/pages\/20\/revisions\/262"}],"wp:attachment":[{"href":"http:\/\/www.amelierenglet.be\/fr\/wp-json\/wp\/v2\/media?parent=20"}],"curies":[{"name":"wp","href":"https:\/\/api.w.org\/{rel}","templated":true}]}}