{"id":2,"date":"2017-08-29T09:20:22","date_gmt":"2017-08-29T09:20:22","guid":{"rendered":"http:\/\/www.amelierenglet.be\/?page_id=2"},"modified":"2018-04-09T20:37:02","modified_gmt":"2018-04-09T20:37:02","slug":"home","status":"publish","type":"page","link":"http:\/\/www.amelierenglet.be\/fr\/","title":{"rendered":"Home"},"content":{"rendered":"<p>Plus d'information<\/a><\/span>\n                \t\n            <\/td>\n    <\/tr>\n\n<\/tbody>\t\n<\/table>\n<script type=\"application\/ld+json\">[\n    {\n        \"@context\": \"http:\/\/schema.org\",\n        \"@type\": \"Event\",\n        \"name\": \"Ercole Amante &#8211; Antonia Bembo\",\n        \"startDate\": \"2026-05-28T19:30:00\",\n        \"url\": \"https:\/\/www.operadeparis.fr\/saison-25-26\/opera\/ercole-amante\",\n        \"description\": \"Jamais repr\\u00e9sent\\u00e9 dans une mise en sc\\u00e8ne en Europe, cet Hercule amoureux, marqu\\u00e9 par une originalit\\u00e9 harmonique et une grande virtuosit\\u00e9 vocale, fait son entr\\u00e9e au r\\u00e9pertoire de l\\u2019Op\\u00e9ra de Paris.\\r\\nAvec Cappella Mediterranea (Orchestre) &#8211; Netia Jones (Mise en sc\\u00e8ne) &#8211; Maud Le Pladec (chor\\u00e9graphe)\",\n        \"performers\": {\n            \"@type\": \"Organization\",\n            \"name\": \"Choeur de Chambre de Namur\",\n            \"url\": \"https:\/\/www.cavema.be\/fr\/ensemble\/2-choeur-chambre\"\n        },\n        \"location\": {\n            \"@type\": \"Place\",\n            \"name\": \"Op\\u00e9ra Bastille\",\n            \"address\": {\n                \"@type\": \"PostalAddress\",\n                \"addressLocality\": \"Paris\",\n                \"addressCountry\": \"France\"\n            }\n        }\n    }\n]<\/script><!-- Generated by GigPress 2.3.26 -->\n\t\n<p>&nbsp;<\/p>\n<p><a href=\"http:\/\/www.amelierenglet.be\/agenda\/\">All concerts<\/a><\/p>\n<h1>Bienvenue !<\/h1>\n<h4>Prochain Concert<\/h4>\n\n\n<table class=\"gigpress-table upcoming\" cellspacing=\"0\">\n\t\n<tbody>\n\t\n    <tr class=\"gigpress-row active gigpress-tour\">\n\n            <td class=\"gigpress-more\">\n                <div class=\"gigpress-firstline\"><strong>28\/05\/26<\/strong>  - 19:30, Paris (Op\u00e9ra Bastille)<\/div>\n                <div class=\"gigpress-secondline\"><span class=\"gigpress-tour\">\n                    Ercole Amante &#8211; Antonia Bembo<\/span> with <a href=\"https:\/\/www.cavema.be\/fr\/ensemble\/2-choeur-chambre\" target=\"_blank\">Choeur de Chambre de Namur<\/a><\/div>\n                                Jamais repr\u00e9sent\u00e9 dans une mise en sc\u00e8ne en Europe, cet Hercule amoureux, marqu\u00e9 par une originalit\u00e9 harmonique et une grande virtuosit\u00e9 vocale, fait son entr\u00e9e au r\u00e9pertoire de l\u2019Op\u00e9ra de Paris.\r\nAvec Cappella Mediterranea (Orchestre) &#8211; Netia Jones (Mise en sc\u00e8ne) &#8211; Maud Le Pladec (chor\u00e9graphe)                                                                    <br\/>                    <span class=\"gigpress-info-item\"><a href=\"https:\/\/www.operadeparis.fr\/saison-25-26\/opera\/ercole-amante\" target=\"_blank\">Plus d'information<\/a><\/span>\n                \t\n            <\/td>\n    <\/tr>\n\n<\/tbody>\t\n<\/table>\n<script type=\"application\/ld+json\">[\n    {\n        \"@context\": \"http:\/\/schema.org\",\n        \"@type\": \"Event\",\n        \"name\": \"Ercole Amante &#8211; Antonia Bembo\",\n        \"startDate\": \"2026-05-28T19:30:00\",\n        \"url\": \"https:\/\/www.operadeparis.fr\/saison-25-26\/opera\/ercole-amante\",\n        \"description\": \"Jamais repr\\u00e9sent\\u00e9 dans une mise en sc\\u00e8ne en Europe, cet Hercule amoureux, marqu\\u00e9 par une originalit\\u00e9 harmonique et une grande virtuosit\\u00e9 vocale, fait son entr\\u00e9e au r\\u00e9pertoire de l\\u2019Op\\u00e9ra de Paris.\\r\\nAvec Cappella Mediterranea (Orchestre) &#8211; Netia Jones (Mise en sc\\u00e8ne) &#8211; Maud Le Pladec (chor\\u00e9graphe)\",\n        \"performers\": {\n            \"@type\": \"Organization\",\n            \"name\": \"Choeur de Chambre de Namur\",\n            \"url\": \"https:\/\/www.cavema.be\/fr\/ensemble\/2-choeur-chambre\"\n        },\n        \"location\": {\n            \"@type\": \"Place\",\n            \"name\": \"Op\\u00e9ra Bastille\",\n            \"address\": {\n                \"@type\": \"PostalAddress\",\n                \"addressLocality\": \"Paris\",\n                \"addressCountry\": \"France\"\n            }\n        }\n    }\n]<\/script><!-- Generated by GigPress 2.3.26 -->\n\t\n<p>&nbsp;<\/p>\n<p><a href=\"http:\/\/www.amelierenglet.be\/fr\/agenda\/\">Tous les concerts<\/a><\/p>","protected":false},"excerpt":{"rendered":"<p>Bienvenue ! Prochain Concert &nbsp; Tous les concerts<\/p>\n","protected":false},"author":1,"featured_media":0,"parent":0,"menu_order":0,"comment_status":"closed","ping_status":"open","template":"","meta":{"_exactmetrics_skip_tracking":false,"_exactmetrics_sitenote_active":false,"_exactmetrics_sitenote_note":"","_exactmetrics_sitenote_category":0,"footnotes":""},"class_list":["post-2","page","type-page","status-publish","hentry"],"yoast_head":"<!-- This site is optimized with the Yoast SEO plugin v24.4 - https:\/\/yoast.com\/wordpress\/plugins\/seo\/ -->\n<title>Home - Am\u00e9lie Renglet<\/title>\n<meta name=\"description\" content=\"(Fran\u00e7ais) La soprano Am\u00e9lie Renglet chante r\u00e9guli\u00e8rement avec des ensembles professionnels tels que le Ch\u0153ur de Chambre de Namur (B), Vox Luminis (B), Ars Nova Copenhagen (DK), ... prochain concert:\" \/>\n<meta name=\"robots\" content=\"index, follow, max-snippet:-1, max-image-preview:large, max-video-preview:-1\" \/>\n<link rel=\"canonical\" href=\"http:\/\/www.amelierenglet.be\/\" \/>\n<meta property=\"og:locale\" content=\"fr_FR\" \/>\n<meta property=\"og:type\" content=\"article\" \/>\n<meta property=\"og:title\" content=\"Home - Am\u00e9lie Renglet\" \/>\n<meta property=\"og:description\" content=\"(Fran\u00e7ais) La soprano Am\u00e9lie Renglet chante r\u00e9guli\u00e8rement avec des ensembles professionnels tels que le Ch\u0153ur de Chambre de Namur (B), Vox Luminis (B), Ars Nova Copenhagen (DK), ... prochain concert:\" \/>\n<meta property=\"og:url\" content=\"http:\/\/www.amelierenglet.be\/\" \/>\n<meta property=\"og:site_name\" content=\"Am\u00e9lie Renglet\" \/>\n<meta property=\"article:modified_time\" content=\"2018-04-09T20:37:02+00:00\" \/>\n<meta name=\"twitter:card\" content=\"summary_large_image\" \/>\n<script type=\"application\/ld+json\" class=\"yoast-schema-graph\">{\"@context\":\"https:\/\/schema.org\",\"@graph\":[{\"@type\":\"WebPage\",\"@id\":\"http:\/\/www.amelierenglet.be\/\",\"url\":\"http:\/\/www.amelierenglet.be\/\",\"name\":\"Home - Am\u00e9lie Renglet\",\"isPartOf\":{\"@id\":\"http:\/\/www.amelierenglet.be\/#website\"},\"datePublished\":\"2017-08-29T09:20:22+00:00\",\"dateModified\":\"2018-04-09T20:37:02+00:00\",\"description\":\"(Fran\u00e7ais) La soprano Am\u00e9lie Renglet chante r\u00e9guli\u00e8rement avec des ensembles professionnels tels que le Ch\u0153ur de Chambre de Namur (B), Vox Luminis (B), Ars Nova Copenhagen (DK), ... prochain concert:\",\"breadcrumb\":{\"@id\":\"http:\/\/www.amelierenglet.be\/#breadcrumb\"},\"inLanguage\":\"fr-FR\",\"potentialAction\":[{\"@type\":\"ReadAction\",\"target\":[\"http:\/\/www.amelierenglet.be\/\"]}]},{\"@type\":\"BreadcrumbList\",\"@id\":\"http:\/\/www.amelierenglet.be\/#breadcrumb\",\"itemListElement\":[{\"@type\":\"ListItem\",\"position\":1,\"name\":\"Home\",\"item\":\"http:\/\/www.amelierenglet.be\/\"},{\"@type\":\"ListItem\",\"position\":2,\"name\":\"Home\"}]},{\"@type\":\"WebSite\",\"@id\":\"http:\/\/www.amelierenglet.be\/#website\",\"url\":\"http:\/\/www.amelierenglet.be\/\",\"name\":\"Am\u00e9lie Renglet\",\"description\":\"Soprano\",\"potentialAction\":[{\"@type\":\"SearchAction\",\"target\":{\"@type\":\"EntryPoint\",\"urlTemplate\":\"http:\/\/www.amelierenglet.be\/?s={search_term_string}\"},\"query-input\":{\"@type\":\"PropertyValueSpecification\",\"valueRequired\":true,\"valueName\":\"search_term_string\"}}],\"inLanguage\":\"fr-FR\"}]}<\/script>\n<!-- \/ Yoast SEO plugin. -->","yoast_head_json":{"title":"Home - Am\u00e9lie Renglet","description":"(Fran\u00e7ais) La soprano Am\u00e9lie Renglet chante r\u00e9guli\u00e8rement avec des ensembles professionnels tels que le Ch\u0153ur de Chambre de Namur (B), Vox Luminis (B), Ars Nova Copenhagen (DK), ... prochain concert:","robots":{"index":"index","follow":"follow","max-snippet":"max-snippet:-1","max-image-preview":"max-image-preview:large","max-video-preview":"max-video-preview:-1"},"canonical":"http:\/\/www.amelierenglet.be\/","og_locale":"fr_FR","og_type":"article","og_title":"Home - Am\u00e9lie Renglet","og_description":"(Fran\u00e7ais) La soprano Am\u00e9lie Renglet chante r\u00e9guli\u00e8rement avec des ensembles professionnels tels que le Ch\u0153ur de Chambre de Namur (B), Vox Luminis (B), Ars Nova Copenhagen (DK), ... prochain concert:","og_url":"http:\/\/www.amelierenglet.be\/","og_site_name":"Am\u00e9lie Renglet","article_modified_time":"2018-04-09T20:37:02+00:00","twitter_card":"summary_large_image","schema":{"@context":"https:\/\/schema.org","@graph":[{"@type":"WebPage","@id":"http:\/\/www.amelierenglet.be\/","url":"http:\/\/www.amelierenglet.be\/","name":"Home - Am\u00e9lie Renglet","isPartOf":{"@id":"http:\/\/www.amelierenglet.be\/#website"},"datePublished":"2017-08-29T09:20:22+00:00","dateModified":"2018-04-09T20:37:02+00:00","description":"(Fran\u00e7ais) La soprano Am\u00e9lie Renglet chante r\u00e9guli\u00e8rement avec des ensembles professionnels tels que le Ch\u0153ur de Chambre de Namur (B), Vox Luminis (B), Ars Nova Copenhagen (DK), ... prochain concert:","breadcrumb":{"@id":"http:\/\/www.amelierenglet.be\/#breadcrumb"},"inLanguage":"fr-FR","potentialAction":[{"@type":"ReadAction","target":["http:\/\/www.amelierenglet.be\/"]}]},{"@type":"BreadcrumbList","@id":"http:\/\/www.amelierenglet.be\/#breadcrumb","itemListElement":[{"@type":"ListItem","position":1,"name":"Home","item":"http:\/\/www.amelierenglet.be\/"},{"@type":"ListItem","position":2,"name":"Home"}]},{"@type":"WebSite","@id":"http:\/\/www.amelierenglet.be\/#website","url":"http:\/\/www.amelierenglet.be\/","name":"Am\u00e9lie Renglet","description":"Soprano","potentialAction":[{"@type":"SearchAction","target":{"@type":"EntryPoint","urlTemplate":"http:\/\/www.amelierenglet.be\/?s={search_term_string}"},"query-input":{"@type":"PropertyValueSpecification","valueRequired":true,"valueName":"search_term_string"}}],"inLanguage":"fr-FR"}]}},"_links":{"self":[{"href":"http:\/\/www.amelierenglet.be\/fr\/wp-json\/wp\/v2\/pages\/2","targetHints":{"allow":["GET"]}}],"collection":[{"href":"http:\/\/www.amelierenglet.be\/fr\/wp-json\/wp\/v2\/pages"}],"about":[{"href":"http:\/\/www.amelierenglet.be\/fr\/wp-json\/wp\/v2\/types\/page"}],"author":[{"embeddable":true,"href":"http:\/\/www.amelierenglet.be\/fr\/wp-json\/wp\/v2\/users\/1"}],"replies":[{"embeddable":true,"href":"http:\/\/www.amelierenglet.be\/fr\/wp-json\/wp\/v2\/comments?post=2"}],"version-history":[{"count":19,"href":"http:\/\/www.amelierenglet.be\/fr\/wp-json\/wp\/v2\/pages\/2\/revisions"}],"predecessor-version":[{"id":102,"href":"http:\/\/www.amelierenglet.be\/fr\/wp-json\/wp\/v2\/pages\/2\/revisions\/102"}],"wp:attachment":[{"href":"http:\/\/www.amelierenglet.be\/fr\/wp-json\/wp\/v2\/media?parent=2"}],"curies":[{"name":"wp","href":"https:\/\/api.w.org\/{rel}","templated":true}]}}